{"id":166,"date":"2020-03-26T15:23:36","date_gmt":"2020-03-26T14:23:36","guid":{"rendered":"https:\/\/www.fsmuw.rwth-aachen.de\/?page_id=166"},"modified":"2023-10-18T12:40:16","modified_gmt":"2023-10-18T10:40:16","slug":"vdah","status":"publish","type":"page","link":"https:\/\/vdah.fsmuw.rwth-aachen.de\/en\/vdah\/","title":{"rendered":"Verein der Aachener H\u00fcttenleute e.V. (VdAH)"},"content":{"rendered":"<p>Seit seiner Gr\u00fcndung im Jahr 2012 hat sich der Verein der Aachener H\u00fcttenleute e.V. (VdAH) dem Ziel verschrieben, die Fachschaft Materialwissenschaft und Werkstofftechnik der RWTH Aachen tatkr\u00e4ftig zu unterst\u00fctzen. Inspiriert von dem Wunsch, auch nach der aktiven Zeit in der Fachschaft eine enge Verbindung zu erhalten und zuk\u00fcnftige Veranstaltungen auf einer soliden Spendenbasis zu organisieren, schlossen sich engagierte Fachschaftler zusammen und legten den Grundstein f\u00fcr den F\u00f6rderverein.<\/p>\n\n\n\n<p>Mit festen Wurzeln in der Tradition der RWTH Aachen und einem engen Bezug zur Fachschaft, verfolgt der VdAH laut Satzung ausschlie\u00dflich und unmittelbar mildt\u00e4tige und gemeinn\u00fctzige Zwecke. Die Hauptaufgabe des Vereins liegt in der F\u00f6rderung studentischer Initiativen in den Bereichen Kultur, Soziales und Wissenschaft sowie der Unterst\u00fctzung internationaler studentischer Begegnungen. Diese Ziele werden unter anderem durch die finanzielle Unterst\u00fctzung von Veranstaltungen wie den Sommerh\u00fcttenfesten und dem Internationalen Studierendentag der Metallurgie (ISDM) realisiert.<\/p>\n\n\n\n<p>In Zeiten rasanter technologischer Entwicklungen und globaler Vernetzung hat der VdAH erkannt, dass die Br\u00fccke zwischen akademischer Ausbildung und Industrie gest\u00e4rkt werden muss. Daher erweitern wir aktuell unser Unternehmensnetzwerk und \u00f6ffnen neue T\u00fcren f\u00fcr sowohl Studierende als auch Unternehmen. Neben der kontinuierlichen Unterst\u00fctzung der Fachschaft bieten wir nun eine Plattform, auf der Unternehmen und Studierende direkt miteinander in Kontakt treten und sich austauschen k\u00f6nnen. Dies schafft nicht nur M\u00f6glichkeiten f\u00fcr berufliche Perspektiven und Praktika, sondern f\u00f6rdert auch den Wissenstransfer und die Zusammenarbeit zwischen der RWTH Aachen und der Industrie.<\/p>\n\n\n\n<p>Der VdAH freut sich darauf, als Katalysator f\u00fcr Innovation und Zusammenarbeit zu dienen, und l\u00e4dt alle Interessierten ein, sich unserem erweiterten Netzwerk anzuschlie\u00dfen und gemeinsam die Zukunft der Materialwissenschaft und Werkstofftechnik zu gestalten.<\/p>","protected":false},"excerpt":{"rendered":"<p>Seit seiner Gr\u00fcndung im Jahr 2012 hat sich der Verein der Aachener H\u00fcttenleute e.V. (VdAH) dem Ziel verschrieben, die Fachschaft Materialwissenschaft und Werkstofftechnik der RWTH&hellip;<\/p>","protected":false},"author":3,"featured_media":0,"parent":0,"menu_order":0,"comment_status":"closed","ping_status":"closed","template":"","meta":{"footnotes":""},"class_list":["post-166","page","type-page","status-publish","hentry"],"_links":{"self":[{"href":"https:\/\/vdah.fsmuw.rwth-aachen.de\/en\/wp-json\/wp\/v2\/pages\/166","targetHints":{"allow":["GET"]}}],"collection":[{"href":"https:\/\/vdah.fsmuw.rwth-aachen.de\/en\/wp-json\/wp\/v2\/pages"}],"about":[{"href":"https:\/\/vdah.fsmuw.rwth-aachen.de\/en\/wp-json\/wp\/v2\/types\/page"}],"author":[{"embeddable":true,"href":"https:\/\/vdah.fsmuw.rwth-aachen.de\/en\/wp-json\/wp\/v2\/users\/3"}],"replies":[{"embeddable":true,"href":"https:\/\/vdah.fsmuw.rwth-aachen.de\/en\/wp-json\/wp\/v2\/comments?post=166"}],"version-history":[{"count":1,"href":"https:\/\/vdah.fsmuw.rwth-aachen.de\/en\/wp-json\/wp\/v2\/pages\/166\/revisions"}],"predecessor-version":[{"id":1855,"href":"https:\/\/vdah.fsmuw.rwth-aachen.de\/en\/wp-json\/wp\/v2\/pages\/166\/revisions\/1855"}],"wp:attachment":[{"href":"https:\/\/vdah.fsmuw.rwth-aachen.de\/en\/wp-json\/wp\/v2\/media?parent=166"}],"curies":[{"name":"wp","href":"https:\/\/api.w.org\/{rel}","templated":true}]}}