{"id":169,"date":"2020-03-26T15:32:01","date_gmt":"2020-03-26T14:32:01","guid":{"rendered":"https:\/\/www.fsmuw.rwth-aachen.de\/?page_id=169"},"modified":"2024-10-25T13:48:53","modified_gmt":"2024-10-25T11:48:53","slug":"impressum","status":"publish","type":"page","link":"https:\/\/vdah.fsmuw.rwth-aachen.de\/en\/impressum\/","title":{"rendered":"Site Notice"},"content":{"rendered":"\n<p><strong>Herausgeber<\/strong><br>Studierendenschaft der RWTH Aachen, Fachschaft Materialwissenschaft und Werkstofftechnik<\/p>\n\n\n\n<p><strong>Kontakt-Adresse<\/strong><br>Fachschaft Materialwissenschaft und Werkstofftechnik<br>Intzestra\u00dfe 1<br>52072 Aachen<br> <\/p>\n\n\n\n<p>Telefon: +49 (0)241 &#8211; 80 95781<br>E-Mail: <a rel=\"noreferrer noopener\" aria-label=\" (\u00f6ffnet in neuem Tab)\" href=\"mailto:fachschaft@fsmuw.rwth-aachen.de\" target=\"_blank\">fachschaft@fsmuw.rwth-aachen.de<\/a><br>Raum: R202 <\/p>\n\n\n\n<p><strong>Ansprechpartner (Webseite)<\/strong><br>Richard Rosner (<a href=\"mailto:rrosner@fsmuw.rwth-aachen.de\" target=\"_blank\" rel=\"noreferrer noopener\" aria-label=\" (\u00f6ffnet in neuem Tab)\">rrosner@fsmuw.rwth-aachen.de<\/a>)<\/p>\n\n\n\n<p><strong>Content-Management-System (Webseite)<\/strong><br>Powered by WordPress<br>Design basierend auf <a rel=\"noreferrer noopener\" aria-label=\"Customify (\u00f6ffnet in neuem Tab)\" href=\"https:\/\/pressmaximum.com\/customify\" target=\"_blank\">Customify<\/a> von Richard Rosner (<a href=\"mailto:rrosner@fsmuw.rwth-aachen.de\" target=\"_blank\" rel=\"noreferrer noopener\" aria-label=\"rrosner@fsmuw.rwth-aachen.de (\u00f6ffnet in neuem Tab)\">rrosner@fsmuw.rwth-aachen.de<\/a>)<\/p>\n\n\n\n<p><strong>Ver\u00f6ffentlichungshinweis<\/strong><br>Die Fachschaft Materialwissenschaft und Werkstofftechnik wird auf ihren Seiten keine Links zu Stellenangeboten oder Jobb\u00f6rsen ver\u00f6ffentlichen, die nicht durch die RWTH Aachen oder ihren Organisationseinheiten ver\u00f6ffentlicht oder betrieben werden.<br>Dieses Impressum gilt ebenso f\u00fcr unsere Social-Media-Pr\u00e4senzen: <a rel=\"noreferrer noopener\" aria-label=\" (\u00f6ffnet in neuem Tab)\" href=\"https:\/\/www.facebook.com\/Metallurgie\" target=\"_blank\">Facebook<\/a> und <a rel=\"noreferrer noopener\" aria-label=\" (\u00f6ffnet in neuem Tab)\" href=\"https:\/\/www.instagram.com\/fachschaft_5.2_rwth?r=nametag\" target=\"_blank\">Instagram<\/a><\/p>\n\n\n\n<p><strong>Opt-out:<\/strong><\/p>\n\n\n\n[matomo_opt_out]\n\n\n\n<p><\/p>\n","protected":false},"excerpt":{"rendered":"<p>HerausgeberStudierendenschaft der RWTH Aachen, Fachschaft Materialwissenschaft und Werkstofftechnik Kontakt-AdresseFachschaft Materialwissenschaft und WerkstofftechnikIntzestra\u00dfe 152072 Aachen Telefon: +49 (0)241 &#8211; 80 95781E-Mail: fachschaft@fsmuw.rwth-aachen.deRaum: R202 Ansprechpartner (Webseite)Richard Rosner&hellip;<\/p>","protected":false},"author":3,"featured_media":0,"parent":0,"menu_order":0,"comment_status":"closed","ping_status":"closed","template":"","meta":{"footnotes":""},"class_list":["post-169","page","type-page","status-publish","hentry"],"_links":{"self":[{"href":"https:\/\/vdah.fsmuw.rwth-aachen.de\/en\/wp-json\/wp\/v2\/pages\/169","targetHints":{"allow":["GET"]}}],"collection":[{"href":"https:\/\/vdah.fsmuw.rwth-aachen.de\/en\/wp-json\/wp\/v2\/pages"}],"about":[{"href":"https:\/\/vdah.fsmuw.rwth-aachen.de\/en\/wp-json\/wp\/v2\/types\/page"}],"author":[{"embeddable":true,"href":"https:\/\/vdah.fsmuw.rwth-aachen.de\/en\/wp-json\/wp\/v2\/users\/3"}],"replies":[{"embeddable":true,"href":"https:\/\/vdah.fsmuw.rwth-aachen.de\/en\/wp-json\/wp\/v2\/comments?post=169"}],"version-history":[{"count":1,"href":"https:\/\/vdah.fsmuw.rwth-aachen.de\/en\/wp-json\/wp\/v2\/pages\/169\/revisions"}],"predecessor-version":[{"id":2051,"href":"https:\/\/vdah.fsmuw.rwth-aachen.de\/en\/wp-json\/wp\/v2\/pages\/169\/revisions\/2051"}],"wp:attachment":[{"href":"https:\/\/vdah.fsmuw.rwth-aachen.de\/en\/wp-json\/wp\/v2\/media?parent=169"}],"curies":[{"name":"wp","href":"https:\/\/api.w.org\/{rel}","templated":true}]}}