{"id":1770,"date":"2023-10-14T11:20:46","date_gmt":"2023-10-14T09:20:46","guid":{"rendered":"https:\/\/vdah.fsmuw.rwth-aachen.de\/?page_id=1770"},"modified":"2023-10-19T16:01:57","modified_gmt":"2023-10-19T14:01:57","slug":"foerdermitglied-werden","status":"publish","type":"page","link":"https:\/\/vdah.fsmuw.rwth-aachen.de\/en\/","title":{"rendered":"F\u00f6rdermitglied werden"},"content":{"rendered":"<div class=\"wp-block-columns is-layout-flex wp-container-core-columns-is-layout-9d6595d7 wp-block-columns-is-layout-flex\">\n<div class=\"wp-block-column is-layout-flow wp-block-column-is-layout-flow\" style=\"flex-basis:66.66%\">\n<figure class=\"wp-block-image size-large\"><picture><source srcset=\"https:\/\/vdah.fsmuw.rwth-aachen.de\/wp-content\/webp-express\/webp-images\/doc-root\/wp-content\/uploads\/2023\/10\/IMG_1522-1024x807.jpeg.webp 1024w, https:\/\/vdah.fsmuw.rwth-aachen.de\/wp-content\/webp-express\/webp-images\/doc-root\/wp-content\/uploads\/2023\/10\/IMG_1522-300x236.jpeg.webp 300w, https:\/\/vdah.fsmuw.rwth-aachen.de\/wp-content\/webp-express\/webp-images\/doc-root\/wp-content\/uploads\/2023\/10\/IMG_1522-768x605.jpeg.webp 768w, https:\/\/vdah.fsmuw.rwth-aachen.de\/wp-content\/webp-express\/webp-images\/doc-root\/wp-content\/uploads\/2023\/10\/IMG_1522-1536x1210.jpeg.webp 1536w, https:\/\/vdah.fsmuw.rwth-aachen.de\/wp-content\/webp-express\/webp-images\/doc-root\/wp-content\/uploads\/2023\/10\/IMG_1522-15x12.jpeg.webp 15w, https:\/\/vdah.fsmuw.rwth-aachen.de\/wp-content\/webp-express\/webp-images\/doc-root\/wp-content\/uploads\/2023\/10\/IMG_1522.jpeg.webp 1950w\" sizes=\"auto, (max-width: 1024px) 100vw, 1024px\" type=\"image\/webp\"><img loading=\"lazy\" decoding=\"async\" width=\"1024\" height=\"807\" src=\"https:\/\/vdah.fsmuw.rwth-aachen.de\/wp-content\/uploads\/2023\/10\/IMG_1522-1024x807.jpeg\" alt=\"\" class=\"wp-image-1873 webpexpress-processed\" srcset=\"https:\/\/vdah.fsmuw.rwth-aachen.de\/wp-content\/uploads\/2023\/10\/IMG_1522-1024x807.jpeg 1024w, https:\/\/vdah.fsmuw.rwth-aachen.de\/wp-content\/uploads\/2023\/10\/IMG_1522-300x236.jpeg 300w, https:\/\/vdah.fsmuw.rwth-aachen.de\/wp-content\/uploads\/2023\/10\/IMG_1522-768x605.jpeg 768w, https:\/\/vdah.fsmuw.rwth-aachen.de\/wp-content\/uploads\/2023\/10\/IMG_1522-1536x1210.jpeg 1536w, https:\/\/vdah.fsmuw.rwth-aachen.de\/wp-content\/uploads\/2023\/10\/IMG_1522-15x12.jpeg 15w, https:\/\/vdah.fsmuw.rwth-aachen.de\/wp-content\/uploads\/2023\/10\/IMG_1522.jpeg 1950w\" sizes=\"auto, (max-width: 1024px) 100vw, 1024px\"><\/picture><\/figure>\n<\/div>\n\n\n\n<div class=\"wp-block-column is-layout-flow wp-block-column-is-layout-flow\" style=\"flex-basis:33.33%\">\n<h2 class=\"wp-block-heading\">Talente von morgen f\u00f6rdern<\/h2>\n\n\n\n<p class=\"has-text-align-left\">Als F\u00f6rdermitglied haben Sie direkten Zugang zu den talentiertesten Absolventen der Materialwissenschaft und Werkstofftechnik der RWTH Aachen. Ihre Unterst\u00fctzung erm\u00f6glicht es diesen jungen Fachleuten, sich optimal auf den Arbeitsmarkt vorzubereiten. Im Gegenzug profitieren Sie von einem Pool hoch qualifizierter potenzieller Mitarbeiter, die bereit sind, in Ihrem Unternehmen Gro\u00dfes zu leisten.<\/p>\n<\/div>\n<\/div>\n\n\n\n<div class=\"wp-block-columns is-layout-flex wp-container-core-columns-is-layout-9d6595d7 wp-block-columns-is-layout-flex\">\n<div class=\"wp-block-column is-layout-flow wp-block-column-is-layout-flow\" style=\"flex-basis:33.33%\">\n<h2 class=\"wp-block-heading\">Praktika und Jobeinstiege anbieten<\/h2>\n\n\n\n<p>Bieten Sie den Studierenden wertvolle Praxiserfahrungen durch Praktika und Trainee-Programme. Dies ist nicht nur eine Investition in ihre Bildung, sondern auch eine Gelegenheit, potenzielle zuk\u00fcnftige Mitarbeiter f\u00fcr Ihr Unternehmen zu gewinnen.<\/p>\n<\/div>\n\n\n\n<div class=\"wp-block-column is-layout-flow wp-block-column-is-layout-flow\" style=\"flex-basis:66.66%\">\n<figure class=\"wp-block-image size-large is-resized\"><picture><source srcset=\"https:\/\/vdah.fsmuw.rwth-aachen.de\/wp-content\/webp-express\/webp-images\/doc-root\/wp-content\/uploads\/2023\/10\/DSC00677-1024x1005.jpg.webp 1024w, https:\/\/vdah.fsmuw.rwth-aachen.de\/wp-content\/webp-express\/webp-images\/doc-root\/wp-content\/uploads\/2023\/10\/DSC00677-300x294.jpg.webp 300w, https:\/\/vdah.fsmuw.rwth-aachen.de\/wp-content\/webp-express\/webp-images\/doc-root\/wp-content\/uploads\/2023\/10\/DSC00677-768x754.jpg.webp 768w, https:\/\/vdah.fsmuw.rwth-aachen.de\/wp-content\/webp-express\/webp-images\/doc-root\/wp-content\/uploads\/2023\/10\/DSC00677-1536x1507.jpg.webp 1536w, https:\/\/vdah.fsmuw.rwth-aachen.de\/wp-content\/webp-express\/webp-images\/doc-root\/wp-content\/uploads\/2023\/10\/DSC00677-2048x2010.jpg.webp 2048w, https:\/\/vdah.fsmuw.rwth-aachen.de\/wp-content\/webp-express\/webp-images\/doc-root\/wp-content\/uploads\/2023\/10\/DSC00677-12x12.jpg.webp 12w\" sizes=\"auto, (max-width: 1024px) 100vw, 1024px\" type=\"image\/webp\"><img loading=\"lazy\" decoding=\"async\" width=\"1024\" height=\"1005\" src=\"https:\/\/vdah.fsmuw.rwth-aachen.de\/wp-content\/uploads\/2023\/10\/DSC00677-1024x1005.jpg\" alt=\"\" class=\"wp-image-1865 webpexpress-processed\" style=\"aspect-ratio:1.0189054726368159;width:540px;height:auto\" srcset=\"https:\/\/vdah.fsmuw.rwth-aachen.de\/wp-content\/uploads\/2023\/10\/DSC00677-1024x1005.jpg 1024w, https:\/\/vdah.fsmuw.rwth-aachen.de\/wp-content\/uploads\/2023\/10\/DSC00677-300x294.jpg 300w, https:\/\/vdah.fsmuw.rwth-aachen.de\/wp-content\/uploads\/2023\/10\/DSC00677-768x754.jpg 768w, https:\/\/vdah.fsmuw.rwth-aachen.de\/wp-content\/uploads\/2023\/10\/DSC00677-1536x1507.jpg 1536w, https:\/\/vdah.fsmuw.rwth-aachen.de\/wp-content\/uploads\/2023\/10\/DSC00677-2048x2010.jpg 2048w, https:\/\/vdah.fsmuw.rwth-aachen.de\/wp-content\/uploads\/2023\/10\/DSC00677-12x12.jpg 12w\" sizes=\"auto, (max-width: 1024px) 100vw, 1024px\"><\/picture><\/figure>\n<\/div>\n<\/div>\n\n\n\n<div class=\"wp-block-columns is-layout-flex wp-container-core-columns-is-layout-9d6595d7 wp-block-columns-is-layout-flex\">\n<div class=\"wp-block-column is-layout-flow wp-block-column-is-layout-flow\" style=\"flex-basis:66.66%\">\n<figure class=\"wp-block-image size-large\"><picture><source srcset=\"https:\/\/vdah.fsmuw.rwth-aachen.de\/wp-content\/webp-express\/webp-images\/doc-root\/wp-content\/uploads\/2023\/10\/4AABD0C3-2CBF-43A4-9271-D70776A8B88F-1024x1024.jpeg.webp 1024w, https:\/\/vdah.fsmuw.rwth-aachen.de\/wp-content\/webp-express\/webp-images\/doc-root\/wp-content\/uploads\/2023\/10\/4AABD0C3-2CBF-43A4-9271-D70776A8B88F-300x300.jpeg.webp 300w, https:\/\/vdah.fsmuw.rwth-aachen.de\/wp-content\/webp-express\/webp-images\/doc-root\/wp-content\/uploads\/2023\/10\/4AABD0C3-2CBF-43A4-9271-D70776A8B88F-150x150.jpeg.webp 150w, https:\/\/vdah.fsmuw.rwth-aachen.de\/wp-content\/webp-express\/webp-images\/doc-root\/wp-content\/uploads\/2023\/10\/4AABD0C3-2CBF-43A4-9271-D70776A8B88F-768x768.jpeg.webp 768w, https:\/\/vdah.fsmuw.rwth-aachen.de\/wp-content\/webp-express\/webp-images\/doc-root\/wp-content\/uploads\/2023\/10\/4AABD0C3-2CBF-43A4-9271-D70776A8B88F-1536x1536.jpeg.webp 1536w, https:\/\/vdah.fsmuw.rwth-aachen.de\/wp-content\/webp-express\/webp-images\/doc-root\/wp-content\/uploads\/2023\/10\/4AABD0C3-2CBF-43A4-9271-D70776A8B88F-2048x2048.jpeg.webp 2048w, https:\/\/vdah.fsmuw.rwth-aachen.de\/wp-content\/webp-express\/webp-images\/doc-root\/wp-content\/uploads\/2023\/10\/4AABD0C3-2CBF-43A4-9271-D70776A8B88F-12x12.jpeg.webp 12w\" sizes=\"auto, (max-width: 1024px) 100vw, 1024px\" type=\"image\/webp\"><img loading=\"lazy\" decoding=\"async\" width=\"1024\" height=\"1024\" src=\"https:\/\/vdah.fsmuw.rwth-aachen.de\/wp-content\/uploads\/2023\/10\/4AABD0C3-2CBF-43A4-9271-D70776A8B88F-1024x1024.jpeg\" alt=\"\" class=\"wp-image-1772 webpexpress-processed\" srcset=\"https:\/\/vdah.fsmuw.rwth-aachen.de\/wp-content\/uploads\/2023\/10\/4AABD0C3-2CBF-43A4-9271-D70776A8B88F-1024x1024.jpeg 1024w, https:\/\/vdah.fsmuw.rwth-aachen.de\/wp-content\/uploads\/2023\/10\/4AABD0C3-2CBF-43A4-9271-D70776A8B88F-300x300.jpeg 300w, https:\/\/vdah.fsmuw.rwth-aachen.de\/wp-content\/uploads\/2023\/10\/4AABD0C3-2CBF-43A4-9271-D70776A8B88F-150x150.jpeg 150w, https:\/\/vdah.fsmuw.rwth-aachen.de\/wp-content\/uploads\/2023\/10\/4AABD0C3-2CBF-43A4-9271-D70776A8B88F-768x768.jpeg 768w, https:\/\/vdah.fsmuw.rwth-aachen.de\/wp-content\/uploads\/2023\/10\/4AABD0C3-2CBF-43A4-9271-D70776A8B88F-1536x1536.jpeg 1536w, https:\/\/vdah.fsmuw.rwth-aachen.de\/wp-content\/uploads\/2023\/10\/4AABD0C3-2CBF-43A4-9271-D70776A8B88F-2048x2048.jpeg 2048w, https:\/\/vdah.fsmuw.rwth-aachen.de\/wp-content\/uploads\/2023\/10\/4AABD0C3-2CBF-43A4-9271-D70776A8B88F-12x12.jpeg 12w\" sizes=\"auto, (max-width: 1024px) 100vw, 1024px\"><\/picture><\/figure>\n<\/div>\n\n\n\n<div class=\"wp-block-column is-layout-flow wp-block-column-is-layout-flow\" style=\"flex-basis:33.33%\">\n<h2 class=\"wp-block-heading\">Unterst\u00fctzen Sie Studierende auf ihrem Weg in Ihr Unternehmen<\/h2>\n\n\n\n<p>Die Zeit des Studiums ist f\u00fcr viele junge Talente eine entscheidende Phase, in der sie ihre berufliche Richtung festlegen. Als F\u00f6rdermitglied haben Sie die einzigartige M\u00f6glichkeit, diese Studierenden auf ihrer Reise von der Universit\u00e4t bis zum Berufseinstieg zu begleiten. Durch Praktika, Workshops und Networking-Events k\u00f6nnen Sie einen ersten Kontakt herstellen, ihre F\u00e4higkeiten f\u00f6rdern und sie f\u00fcr die spannenden M\u00f6glichkeiten in Ihrem Unternehmen begeistern. Seien Sie nicht nur Zeuge ihrer Entwicklung, sondern spielen Sie eine aktive Rolle dabei, ihre Karriere zu formen und gleichzeitig die Zukunft Ihres Unternehmens zu gestalten.<\/p>\n<\/div>\n<\/div>\n\n\n\n<hr class=\"wp-block-separator has-alpha-channel-opacity is-style-wide\"\/>\n\n\n\n<h2 class=\"wp-block-heading\"><strong>Werden Sie F\u00f6rdermitglied!<\/strong><\/h2>\n\n\n\n<p>Interessieren Sie sich daf\u00fcr, F\u00f6rdermitglied beim Verein der Aachener H\u00fcttenleute e.V. zu werden? Der Prozess ist einfach und unkompliziert. F\u00fcr einen j\u00e4hrlichen Beitrag von 240 \u20ac k\u00f6nnen Sie die Vorteile einer Mitgliedschaft genie\u00dfen und die Fachschaft der Materialwissenschaft und Werkstofftechnik der RWTH Aachen aktiv unterst\u00fctzen. Um Mitglied zu werden, registrieren Sie sich einfach \u00fcber unsere pers\u00f6nliche Verwaltungssoftware unter <a href=\"https:\/\/wuestit.fsmuw.rwth-aachen.de\/register\/nonnaturalperson\">https:\/\/wuestit.fsmuw.rwth-aachen.de\/register\/nonnaturalperson<\/a>. Wir freuen uns auf Ihre Unterst\u00fctzung!<\/p>\n\n\n\n<hr class=\"wp-block-separator has-alpha-channel-opacity is-style-wide\"\/>\n\n\n\n<h2 class=\"wp-block-heading\">Contact<\/h2>\n\n\n\n<div style=\"display: flex; border: 1px solid black; padding: 10px; width: 350px;\">\n    <!-- Linkes Bild -->\n    <picture><source srcset=\"https:\/\/vdah.fsmuw.rwth-aachen.de\/wp-content\/webp-express\/webp-images\/doc-root\/wp-content\/uploads\/2023\/10\/Adrian-quad.jpg.webp\" type=\"image\/webp\"><img decoding=\"async\" src=\"https:\/\/vdah.fsmuw.rwth-aachen.de\/wp-content\/uploads\/2023\/10\/Adrian-quad.jpg\" alt=\"Profilbild\" style=\"width: 80px; height: 80px; margin-right: 10px;\" class=\"webpexpress-processed\"><\/picture>\n\n    <!-- Textbereich -->\n    <div>\n        <!-- Name -->\n        <div style=\"font-weight: bold; font-size: 24px;\">Adrian Plieth<\/div>\n        <!-- Abschluss -->\n        <div style=\"font-size: 14px; margin-bottom: 5px;\">B. Sc.<\/div>\n\n        <!-- Trennstrich -->\n        <hr style=\"margin: 5px 0;\">\n\n        <!-- Position -->\n        <div style=\"margin-bottom: 5px;\">Stellv. Vorsitzender<\/div>\n        <!-- Klickbare Mail und Telefonnummer -->\n        <a href=\"mailto:aplieth@fsmuw.rwth-aachen.de\" style=\"text-decoration: none; color: inherit; margin-bottom: 5px; display: block;\">aplieth@fsmuw.rwth-aachen.de<\/a>\n        <div style=\"margin-bottom: 5px;\">+49 241 \u2013 80 95781<\/div>\n\n        <!-- LinkedIn Logo -->\n        <a href=\"https:\/\/www.linkedin.com\/in\/adrian-plieth\" target=\"_blank\" rel=\"noopener\">\n            <picture><source srcset=\"https:\/\/vdah.fsmuw.rwth-aachen.de\/wp-content\/webp-express\/webp-images\/doc-root\/wp-content\/uploads\/2023\/10\/LI-In-Bug.png.webp\" type=\"image\/webp\"><img decoding=\"async\" src=\"https:\/\/vdah.fsmuw.rwth-aachen.de\/wp-content\/uploads\/2023\/10\/LI-In-Bug.png\" alt=\"LinkedIn\" style=\"width: 24px;\" class=\"webpexpress-processed\"><\/picture>\n        <\/a>\n    <\/div>\n<\/div>","protected":false},"excerpt":{"rendered":"<p>Talente von morgen f\u00f6rdern Als F\u00f6rdermitglied haben Sie direkten Zugang zu den talentiertesten Absolventen der Materialwissenschaft und Werkstofftechnik der RWTH Aachen. Ihre Unterst\u00fctzung erm\u00f6glicht es&hellip;<\/p>","protected":false},"author":3,"featured_media":0,"parent":0,"menu_order":0,"comment_status":"closed","ping_status":"closed","template":"","meta":{"footnotes":""},"class_list":["post-1770","page","type-page","status-publish","hentry"],"_links":{"self":[{"href":"https:\/\/vdah.fsmuw.rwth-aachen.de\/en\/wp-json\/wp\/v2\/pages\/1770","targetHints":{"allow":["GET"]}}],"collection":[{"href":"https:\/\/vdah.fsmuw.rwth-aachen.de\/en\/wp-json\/wp\/v2\/pages"}],"about":[{"href":"https:\/\/vdah.fsmuw.rwth-aachen.de\/en\/wp-json\/wp\/v2\/types\/page"}],"author":[{"embeddable":true,"href":"https:\/\/vdah.fsmuw.rwth-aachen.de\/en\/wp-json\/wp\/v2\/users\/3"}],"replies":[{"embeddable":true,"href":"https:\/\/vdah.fsmuw.rwth-aachen.de\/en\/wp-json\/wp\/v2\/comments?post=1770"}],"version-history":[{"count":16,"href":"https:\/\/vdah.fsmuw.rwth-aachen.de\/en\/wp-json\/wp\/v2\/pages\/1770\/revisions"}],"predecessor-version":[{"id":1874,"href":"https:\/\/vdah.fsmuw.rwth-aachen.de\/en\/wp-json\/wp\/v2\/pages\/1770\/revisions\/1874"}],"wp:attachment":[{"href":"https:\/\/vdah.fsmuw.rwth-aachen.de\/en\/wp-json\/wp\/v2\/media?parent=1770"}],"curies":[{"name":"wp","href":"https:\/\/api.w.org\/{rel}","templated":true}]}}