{"id":1835,"date":"2023-10-17T10:45:29","date_gmt":"2023-10-17T08:45:29","guid":{"rendered":"https:\/\/vdah.fsmuw.rwth-aachen.de\/?page_id=1835"},"modified":"2023-10-24T11:09:01","modified_gmt":"2023-10-24T09:09:01","slug":"foerdermitglieder","status":"publish","type":"page","link":"https:\/\/vdah.fsmuw.rwth-aachen.de\/en\/foerdermitglieder\/","title":{"rendered":"F\u00f6rdermitglieder"},"content":{"rendered":"<p>Wir sind stolz und dankbar f\u00fcr die unerm\u00fcdliche Unterst\u00fctzung, die wir von unseren F\u00f6rdermitgliedern erhalten. Ihre Beitr\u00e4ge erm\u00f6glichen es uns, unsere Ziele zu verfolgen und einen bleibenden Einfluss auf unsere Gemeinschaft zu haben.<\/p>\n\n\n\n<p>Im Folgenden pr\u00e4sentieren wir Ihnen unsere gesch\u00e4tzten F\u00f6rdermitglieder, die mit ihrer Gro\u00dfz\u00fcgigkeit und ihrem Engagement eine wesentliche S\u00e4ule unseres Erfolgs darstellen. Wir danken Ihnen von Herzen f\u00fcr Ihr Vertrauen und Ihre Unterst\u00fctzung, die eine entscheidende Rolle bei der Weiterentwicklung unseres Vereins spielen.<\/p>\n\n\n\n<hr class=\"wp-block-separator has-alpha-channel-opacity is-style-wide\"\/>\n\n\n\n<h2 class=\"wp-block-heading\">Unsere F\u00f6rdermitglieder<\/h2>\n\n\n\n<div class=\"wp-block-columns is-layout-flex wp-container-core-columns-is-layout-9d6595d7 wp-block-columns-is-layout-flex\">\n<div class=\"wp-block-column is-layout-flow wp-block-column-is-layout-flow\">\n<figure class=\"wp-block-image size-large\"><picture><source srcset=\"https:\/\/vdah.fsmuw.rwth-aachen.de\/wp-content\/webp-express\/webp-images\/doc-root\/wp-content\/uploads\/2023\/10\/2017-Chartwell-logo-transparent-background-v2-4-1024x196.png.webp 1024w, https:\/\/vdah.fsmuw.rwth-aachen.de\/wp-content\/webp-express\/webp-images\/doc-root\/wp-content\/uploads\/2023\/10\/2017-Chartwell-logo-transparent-background-v2-4-300x57.png.webp 300w, https:\/\/vdah.fsmuw.rwth-aachen.de\/wp-content\/webp-express\/webp-images\/doc-root\/wp-content\/uploads\/2023\/10\/2017-Chartwell-logo-transparent-background-v2-4-768x147.png.webp 768w, https:\/\/vdah.fsmuw.rwth-aachen.de\/wp-content\/webp-express\/webp-images\/doc-root\/wp-content\/uploads\/2023\/10\/2017-Chartwell-logo-transparent-background-v2-4-18x3.png.webp 18w, https:\/\/vdah.fsmuw.rwth-aachen.de\/wp-content\/webp-express\/webp-images\/doc-root\/wp-content\/uploads\/2023\/10\/2017-Chartwell-logo-transparent-background-v2-4.png.webp 1382w\" sizes=\"auto, (max-width: 1024px) 100vw, 1024px\" type=\"image\/webp\"><img loading=\"lazy\" decoding=\"async\" width=\"1024\" height=\"196\" src=\"https:\/\/vdah.fsmuw.rwth-aachen.de\/wp-content\/uploads\/2023\/10\/2017-Chartwell-logo-transparent-background-v2-4-1024x196.png\" alt=\"\" class=\"wp-image-1877 webpexpress-processed\" srcset=\"https:\/\/vdah.fsmuw.rwth-aachen.de\/wp-content\/uploads\/2023\/10\/2017-Chartwell-logo-transparent-background-v2-4-1024x196.png 1024w, https:\/\/vdah.fsmuw.rwth-aachen.de\/wp-content\/uploads\/2023\/10\/2017-Chartwell-logo-transparent-background-v2-4-300x57.png 300w, https:\/\/vdah.fsmuw.rwth-aachen.de\/wp-content\/uploads\/2023\/10\/2017-Chartwell-logo-transparent-background-v2-4-768x147.png 768w, https:\/\/vdah.fsmuw.rwth-aachen.de\/wp-content\/uploads\/2023\/10\/2017-Chartwell-logo-transparent-background-v2-4-18x3.png 18w, https:\/\/vdah.fsmuw.rwth-aachen.de\/wp-content\/uploads\/2023\/10\/2017-Chartwell-logo-transparent-background-v2-4.png 1382w\" sizes=\"auto, (max-width: 1024px) 100vw, 1024px\"><\/picture><\/figure>\n<\/div>\n\n\n\n<div class=\"wp-block-column is-layout-flow wp-block-column-is-layout-flow\">\n<figure class=\"wp-block-image size-full\"><picture><source srcset=\"https:\/\/vdah.fsmuw.rwth-aachen.de\/wp-content\/webp-express\/webp-images\/doc-root\/wp-content\/uploads\/2023\/10\/proxy-image.png.webp 900w, https:\/\/vdah.fsmuw.rwth-aachen.de\/wp-content\/webp-express\/webp-images\/doc-root\/wp-content\/uploads\/2023\/10\/proxy-image-300x167.png.webp 300w, https:\/\/vdah.fsmuw.rwth-aachen.de\/wp-content\/webp-express\/webp-images\/doc-root\/wp-content\/uploads\/2023\/10\/proxy-image-768x427.png.webp 768w, https:\/\/vdah.fsmuw.rwth-aachen.de\/wp-content\/webp-express\/webp-images\/doc-root\/wp-content\/uploads\/2023\/10\/proxy-image-18x10.png.webp 18w\" sizes=\"auto, (max-width: 900px) 100vw, 900px\" type=\"image\/webp\"><img loading=\"lazy\" decoding=\"async\" width=\"900\" height=\"500\" src=\"https:\/\/vdah.fsmuw.rwth-aachen.de\/wp-content\/uploads\/2023\/10\/proxy-image.png\" alt=\"\" class=\"wp-image-1912 webpexpress-processed\" srcset=\"https:\/\/vdah.fsmuw.rwth-aachen.de\/wp-content\/uploads\/2023\/10\/proxy-image.png 900w, https:\/\/vdah.fsmuw.rwth-aachen.de\/wp-content\/uploads\/2023\/10\/proxy-image-300x167.png 300w, https:\/\/vdah.fsmuw.rwth-aachen.de\/wp-content\/uploads\/2023\/10\/proxy-image-768x427.png 768w, https:\/\/vdah.fsmuw.rwth-aachen.de\/wp-content\/uploads\/2023\/10\/proxy-image-18x10.png 18w\" sizes=\"auto, (max-width: 900px) 100vw, 900px\"><\/picture><\/figure>\n<\/div>\n<\/div>","protected":false},"excerpt":{"rendered":"<p>Wir sind stolz und dankbar f\u00fcr die unerm\u00fcdliche Unterst\u00fctzung, die wir von unseren F\u00f6rdermitgliedern erhalten. Ihre Beitr\u00e4ge erm\u00f6glichen es uns, unsere Ziele zu verfolgen und&hellip;<\/p>","protected":false},"author":3,"featured_media":0,"parent":0,"menu_order":0,"comment_status":"closed","ping_status":"closed","template":"","meta":{"footnotes":""},"class_list":["post-1835","page","type-page","status-publish","hentry"],"_links":{"self":[{"href":"https:\/\/vdah.fsmuw.rwth-aachen.de\/en\/wp-json\/wp\/v2\/pages\/1835","targetHints":{"allow":["GET"]}}],"collection":[{"href":"https:\/\/vdah.fsmuw.rwth-aachen.de\/en\/wp-json\/wp\/v2\/pages"}],"about":[{"href":"https:\/\/vdah.fsmuw.rwth-aachen.de\/en\/wp-json\/wp\/v2\/types\/page"}],"author":[{"embeddable":true,"href":"https:\/\/vdah.fsmuw.rwth-aachen.de\/en\/wp-json\/wp\/v2\/users\/3"}],"replies":[{"embeddable":true,"href":"https:\/\/vdah.fsmuw.rwth-aachen.de\/en\/wp-json\/wp\/v2\/comments?post=1835"}],"version-history":[{"count":5,"href":"https:\/\/vdah.fsmuw.rwth-aachen.de\/en\/wp-json\/wp\/v2\/pages\/1835\/revisions"}],"predecessor-version":[{"id":1913,"href":"https:\/\/vdah.fsmuw.rwth-aachen.de\/en\/wp-json\/wp\/v2\/pages\/1835\/revisions\/1913"}],"wp:attachment":[{"href":"https:\/\/vdah.fsmuw.rwth-aachen.de\/en\/wp-json\/wp\/v2\/media?parent=1835"}],"curies":[{"name":"wp","href":"https:\/\/api.w.org\/{rel}","templated":true}]}}