{"id":1944,"date":"2023-10-27T08:15:30","date_gmt":"2023-10-27T06:15:30","guid":{"rendered":"https:\/\/vdah.fsmuw.rwth-aachen.de\/?page_id=1944"},"modified":"2023-10-27T16:20:30","modified_gmt":"2023-10-27T14:20:30","slug":"schunk-group","status":"publish","type":"page","link":"https:\/\/vdah.fsmuw.rwth-aachen.de\/en\/foerdermitglieder\/schunk-group\/","title":{"rendered":"Schunk Group"},"content":{"rendered":"<figure class=\"wp-block-image size-full\"><picture><source srcset=\"https:\/\/vdah.fsmuw.rwth-aachen.de\/wp-content\/webp-express\/webp-images\/doc-root\/wp-content\/uploads\/2023\/10\/proxy-image.png.webp 900w, https:\/\/vdah.fsmuw.rwth-aachen.de\/wp-content\/webp-express\/webp-images\/doc-root\/wp-content\/uploads\/2023\/10\/proxy-image-300x167.png.webp 300w, https:\/\/vdah.fsmuw.rwth-aachen.de\/wp-content\/webp-express\/webp-images\/doc-root\/wp-content\/uploads\/2023\/10\/proxy-image-768x427.png.webp 768w, https:\/\/vdah.fsmuw.rwth-aachen.de\/wp-content\/webp-express\/webp-images\/doc-root\/wp-content\/uploads\/2023\/10\/proxy-image-18x10.png.webp 18w\" sizes=\"auto, (max-width: 900px) 100vw, 900px\" type=\"image\/webp\"><img loading=\"lazy\" decoding=\"async\" width=\"900\" height=\"500\" src=\"https:\/\/vdah.fsmuw.rwth-aachen.de\/wp-content\/uploads\/2023\/10\/proxy-image.png\" alt=\"\" class=\"wp-image-1912 webpexpress-processed\" srcset=\"https:\/\/vdah.fsmuw.rwth-aachen.de\/wp-content\/uploads\/2023\/10\/proxy-image.png 900w, https:\/\/vdah.fsmuw.rwth-aachen.de\/wp-content\/uploads\/2023\/10\/proxy-image-300x167.png 300w, https:\/\/vdah.fsmuw.rwth-aachen.de\/wp-content\/uploads\/2023\/10\/proxy-image-768x427.png 768w, https:\/\/vdah.fsmuw.rwth-aachen.de\/wp-content\/uploads\/2023\/10\/proxy-image-18x10.png 18w\" sizes=\"auto, (max-width: 900px) 100vw, 900px\"><\/picture><\/figure>\n\n\n\n<h2 class=\"wp-block-heading has-text-align-center\">Schunk Group<\/h2>\n\n\n\n<h3 class=\"wp-block-heading\">Schunk &#8211; Ein international agierender Technologiekonzern<\/h3>\n\n\n\n<p>Die Schunk Group ist ein international agierender Technologiekonzern mit mehr als 9.000<br>Besch\u00e4ftigten in 26 L\u00e4ndern. Das Unternehmen ist ein f\u00fchrender Anbieter von Produkten aus<br>Hightech-Werkstoffen \u2013 wie Kohlenstoff, technischer Keramik und Sintermetall \u2013 sowie von<br>Maschinen und Anlagen \u2013 von der Umweltsimulation \u00fcber die Klimatechnik und<br>Ultraschallschwei\u00dfen bis hin zu Optikmaschinen<\/p>\n\n\n\n<h3 class=\"wp-block-heading\">Was bieten wir?<\/h3>\n\n\n\n<p>Bei Schunk erwarten dich innovative Projekte, egal ob im technischen oder kaufm\u00e4nnischen<br>Bereich. Au\u00dferdem spannende Herausforderungen sowie verantwortungsvolle und<br>abwechslungsreiche T\u00e4tigkeiten. Lerne z.B. die Entwicklung und Anwendung von Carbon- und<br>Keramikwerkstoffen kennen oder f\u00fchre mit uns gemeinsam Versuchs- und Pr\u00fcfverfahren f\u00fcr<br>Sintermetallteile durch.<br>Wir arbeiten wertsch\u00e4tzend, dynamisch und partnerschaftlich zusammen. Gezielte<br>Weiterbildung- und Entwicklungsprogramme erm\u00f6glichen dir die Erreichung deiner Karriereziele<br>f\u00fcr eine langfristige Perspektive bei uns. Je nach Standort und T\u00e4tigkeit erwarten dich au\u00dferdem<br>Mobile Arbeit, Gleitzeit, Betriebsrestaurant, Parkpl\u00e4tze, Job Rad, Sportangebote u. v. m.<\/p>\n\n\n\n<h3 class=\"wp-block-heading\">Welche Einstiegsm\u00f6glichkeiten gibt es?<\/h3>\n\n\n\n<p>Wir richten uns an verschiedene Zielgruppen, Studierende f\u00fcr Praktika, Abschlussarbeiten oder<br>Werkstudentent\u00e4tigkeiten. Aber auch Absolventen zum Direkteinstieg als Ingenieure,<br>Produktentwickler, Global Graduates in unserem Traineeprogramm u.v.m.<br>F\u00fcr den perfekten Karriereeinstieg gerne einfach in unseren <a href=\"http:\/\/www.schunk-group.com\/de\/karriere\/offene-stellen\" data-type=\"link\" data-id=\"www.schunk-group.com\/de\/karriere\/offene-stellen\">offenen Stellen<\/a> nach dem Traumjob<br>schauen oder die M\u00f6glichkeit der Initiativbewerbung nutzen.<\/p>\n\n\n\n<p><strong>Du hast noch Fragen? <a href=\"https:\/\/eur01.safelinks.protection.outlook.com\/?url=https%3A%2F%2Fqrco.de%2FbeMnYW&amp;data=05%7C01%7Ckim-kristin.meerbothe%40schunk-group.com%7Ced00977291ad4a5a947a08dbd55ed360%7Cbd99493e72604fb58bc6fd4815f008d0%7C0%7C0%7C638338375466843367%7CUnknown%7CTWFpbGZsb3d8eyJWIjoiMC4wLjAwMDAiLCJQIjoiV2luMzIiLCJBTiI6Ik1haWwiLCJXVCI6Mn0%3D%7C3000%7C%7C%7C&amp;sdata=tWIf30tC1ZahL2C5FnFOjhBVGd2opENDFJZKCtx22fU%3D&amp;reserved=0\" data-type=\"link\" data-id=\"https:\/\/eur01.safelinks.protection.outlook.com\/?url=https%3A%2F%2Fqrco.de%2FbeMnYW&amp;data=05%7C01%7Ckim-kristin.meerbothe%40schunk-group.com%7Ced00977291ad4a5a947a08dbd55ed360%7Cbd99493e72604fb58bc6fd4815f008d0%7C0%7C0%7C638338375466843367%7CUnknown%7CTWFpbGZsb3d8eyJWIjoiMC4wLjAwMDAiLCJQIjoiV2luMzIiLCJBTiI6Ik1haWwiLCJXVCI6Mn0%3D%7C3000%7C%7C%7C&amp;sdata=tWIf30tC1ZahL2C5FnFOjhBVGd2opENDFJZKCtx22fU%3D&amp;reserved=0\">Kontaktiere<\/a> uns gerne!<\/strong><\/p>","protected":false},"excerpt":{"rendered":"<p>Schunk Group Schunk &#8211; Ein international agierender Technologiekonzern Die Schunk Group ist ein international agierender Technologiekonzern mit mehr als 9.000Besch\u00e4ftigten in 26 L\u00e4ndern. Das Unternehmen&hellip;<\/p>","protected":false},"author":3,"featured_media":0,"parent":1835,"menu_order":0,"comment_status":"closed","ping_status":"closed","template":"","meta":{"footnotes":""},"class_list":["post-1944","page","type-page","status-publish","hentry"],"_links":{"self":[{"href":"https:\/\/vdah.fsmuw.rwth-aachen.de\/en\/wp-json\/wp\/v2\/pages\/1944","targetHints":{"allow":["GET"]}}],"collection":[{"href":"https:\/\/vdah.fsmuw.rwth-aachen.de\/en\/wp-json\/wp\/v2\/pages"}],"about":[{"href":"https:\/\/vdah.fsmuw.rwth-aachen.de\/en\/wp-json\/wp\/v2\/types\/page"}],"author":[{"embeddable":true,"href":"https:\/\/vdah.fsmuw.rwth-aachen.de\/en\/wp-json\/wp\/v2\/users\/3"}],"replies":[{"embeddable":true,"href":"https:\/\/vdah.fsmuw.rwth-aachen.de\/en\/wp-json\/wp\/v2\/comments?post=1944"}],"version-history":[{"count":2,"href":"https:\/\/vdah.fsmuw.rwth-aachen.de\/en\/wp-json\/wp\/v2\/pages\/1944\/revisions"}],"predecessor-version":[{"id":1946,"href":"https:\/\/vdah.fsmuw.rwth-aachen.de\/en\/wp-json\/wp\/v2\/pages\/1944\/revisions\/1946"}],"up":[{"embeddable":true,"href":"https:\/\/vdah.fsmuw.rwth-aachen.de\/en\/wp-json\/wp\/v2\/pages\/1835"}],"wp:attachment":[{"href":"https:\/\/vdah.fsmuw.rwth-aachen.de\/en\/wp-json\/wp\/v2\/media?parent=1944"}],"curies":[{"name":"wp","href":"https:\/\/api.w.org\/{rel}","templated":true}]}}