{"id":2000,"date":"2023-12-18T13:56:45","date_gmt":"2023-12-18T12:56:45","guid":{"rendered":"https:\/\/vdah.fsmuw.rwth-aachen.de\/?page_id=2000"},"modified":"2023-12-29T08:29:52","modified_gmt":"2023-12-29T07:29:52","slug":"schunk-anmeldung","status":"publish","type":"page","link":"https:\/\/vdah.fsmuw.rwth-aachen.de\/en\/schunk-anmeldung\/","title":{"rendered":"schunk-anmeldung"},"content":{"rendered":"<div class=\"warnung-block\" style=\"border: 1px solid red; padding: 10px; margin-bottom: 15px; background-color: #f8d7da; color: #721c24;\">\n    <h2>Wichtige Warnung!<\/h2>\n    <p>Diese Veranstaltung findet ausschlie\u00dflich auf Deutsch statt. Bitte stellen Sie sicher, dass Sie mit der Sprache vertraut sind.<\/p>\n<\/div>\nWir laden Sie herzlich zu unserer Exkursion zur Schunk Kohlenstofftechnik GmbH ein, die im Rahmen des universit\u00e4ren Programms organisiert wird. Diese Exkursion bietet den Teilnehmenden die M\u00f6glichkeit, einen tieferen Einblick in die Praxis der Kohlenstofftechnologie und die innovativen Projekte im Bereich der Composites zu erhalten.\n<h3>Agenda:<\/h3>\n<ul>\n<li><strong>7:00 Uhr:<\/strong> Vermutlich Abfahrt aus Aachen.<\/li>\n \t<li><strong>10:45 Uhr:<\/strong> Beginn der Werkf\u00fchrung, w\u00e4hrend der wir die Gelegenheit haben, die hochmoderne Fertigungstechnologie von Schunk zu erleben und mehr \u00fcber die verschiedenen Anwendungen von Kohlenstoff und Composites zu erfahren.<\/li>\n \t<li><strong>12:15 Uhr:<\/strong> Gemeinsames Mittagessen und Gelegenheit zum Netzwerken.<\/li>\n \t<li><strong>13:00 Uhr:<\/strong> Vortrag zum Thema \u201eComposites: Aktuelle Projekte und der Arbeitsalltag eines Entwicklungsingenieurs\u201c. Hier gibt es auch Raum f\u00fcr einen interaktiven Austausch, bei dem Fragen gestellt und Diskussionen gef\u00fchrt werden k\u00f6nnen.<\/li>\n<\/ul>\n\n\n\n<div class=\"forminator-guttenberg\">\t\t\t\t<div class=\"forminator-custom-form\">\n\t\t\t\t\t\t\t\t\t<\/div>\n\t\t\t\t<\/div>","protected":false},"excerpt":{"rendered":"<p>Wichtige Warnung! Diese Veranstaltung findet ausschlie\u00dflich auf Deutsch statt. Bitte stellen Sie sicher, dass Sie mit der Sprache vertraut sind. Wir laden Sie herzlich zu&hellip;<\/p>","protected":false},"author":3,"featured_media":0,"parent":0,"menu_order":0,"comment_status":"closed","ping_status":"closed","template":"","meta":{"footnotes":""},"class_list":["post-2000","page","type-page","status-publish","hentry"],"_links":{"self":[{"href":"https:\/\/vdah.fsmuw.rwth-aachen.de\/en\/wp-json\/wp\/v2\/pages\/2000","targetHints":{"allow":["GET"]}}],"collection":[{"href":"https:\/\/vdah.fsmuw.rwth-aachen.de\/en\/wp-json\/wp\/v2\/pages"}],"about":[{"href":"https:\/\/vdah.fsmuw.rwth-aachen.de\/en\/wp-json\/wp\/v2\/types\/page"}],"author":[{"embeddable":true,"href":"https:\/\/vdah.fsmuw.rwth-aachen.de\/en\/wp-json\/wp\/v2\/users\/3"}],"replies":[{"embeddable":true,"href":"https:\/\/vdah.fsmuw.rwth-aachen.de\/en\/wp-json\/wp\/v2\/comments?post=2000"}],"version-history":[{"count":6,"href":"https:\/\/vdah.fsmuw.rwth-aachen.de\/en\/wp-json\/wp\/v2\/pages\/2000\/revisions"}],"predecessor-version":[{"id":2010,"href":"https:\/\/vdah.fsmuw.rwth-aachen.de\/en\/wp-json\/wp\/v2\/pages\/2000\/revisions\/2010"}],"wp:attachment":[{"href":"https:\/\/vdah.fsmuw.rwth-aachen.de\/en\/wp-json\/wp\/v2\/media?parent=2000"}],"curies":[{"name":"wp","href":"https:\/\/api.w.org\/{rel}","templated":true}]}}